{"id":8,"date":"2017-03-27T10:09:38","date_gmt":"2017-03-27T08:09:38","guid":{"rendered":"http:\/\/svg.6mon.com\/wordpress\/?page_id=8"},"modified":"2017-05-05T15:29:41","modified_gmt":"2017-05-05T13:29:41","slug":"a-propos-de","status":"publish","type":"page","link":"https:\/\/www.savoievivregrandir.fr\/index.php\/a-propos-de\/","title":{"rendered":"L&rsquo;association"},"content":{"rendered":"<p><em><strong>Les buts de l&rsquo;association :<\/strong><\/em><\/p>\n<ul>\n<li><strong>ORGANISER <\/strong>des r\u00e9unions d\u2019information dans le domaine de la sant\u00e9, de la solidarit\u00e9, du handicap.<\/li>\n<li><strong>PROMOUVOIR <\/strong>des actions de sant\u00e9, de pr\u00e9vention et de solidarit\u00e9<\/li>\n<li><strong>ANIMER <\/strong>des conf\u00e9rences locales de sant\u00e9 conjointement avec les partenaires\u00a0: associations, assurance maladie, Etat, collectivit\u00e9s, h\u00f4pitaux, mutuelles, \u00e9lus, professionnels de sant\u00e9\u2026\u2026.<\/li>\n<li><strong>Ecouter, d\u00e9battre, proposer er construire <\/strong>ensemble une politique de sant\u00e9 plus proche des besoins et attentes de chacun sur notre territoire<\/li>\n<\/ul>\n","protected":false},"excerpt":{"rendered":"<p>Les buts de l&rsquo;association : ORGANISER des r\u00e9unions d\u2019information dans le domaine de la sant\u00e9, de la solidarit\u00e9, du handicap. PROMOUVOIR des actions de sant\u00e9, de pr\u00e9vention et de solidarit\u00e9 ANIMER des conf\u00e9rences locales de sant\u00e9 conjointement avec les partenaires\u00a0: associations, assurance maladie, Etat, collectivit\u00e9s, h\u00f4pitaux, mutuelles, \u00e9lus, professionnels de sant\u00e9\u2026\u2026. Ecouter, d\u00e9battre, proposer er &hellip; <\/p>\n<p class=\"link-more\"><a href=\"https:\/\/www.savoievivregrandir.fr\/index.php\/a-propos-de\/\" class=\"more-link\">Continuer la lecture<span class=\"screen-reader-text\"> de &laquo;&nbsp;L&rsquo;association&nbsp;&raquo;<\/span><\/a><\/p>\n","protected":false},"author":1,"featured_media":93,"parent":0,"menu_order":0,"comment_status":"closed","ping_status":"closed","template":"","meta":{"footnotes":""},"class_list":["post-8","page","type-page","status-publish","has-post-thumbnail","hentry"],"_links":{"self":[{"href":"https:\/\/www.savoievivregrandir.fr\/index.php\/wp-json\/wp\/v2\/pages\/8","targetHints":{"allow":["GET"]}}],"collection":[{"href":"https:\/\/www.savoievivregrandir.fr\/index.php\/wp-json\/wp\/v2\/pages"}],"about":[{"href":"https:\/\/www.savoievivregrandir.fr\/index.php\/wp-json\/wp\/v2\/types\/page"}],"author":[{"embeddable":true,"href":"https:\/\/www.savoievivregrandir.fr\/index.php\/wp-json\/wp\/v2\/users\/1"}],"replies":[{"embeddable":true,"href":"https:\/\/www.savoievivregrandir.fr\/index.php\/wp-json\/wp\/v2\/comments?post=8"}],"version-history":[{"count":4,"href":"https:\/\/www.savoievivregrandir.fr\/index.php\/wp-json\/wp\/v2\/pages\/8\/revisions"}],"predecessor-version":[{"id":58,"href":"https:\/\/www.savoievivregrandir.fr\/index.php\/wp-json\/wp\/v2\/pages\/8\/revisions\/58"}],"wp:featuredmedia":[{"embeddable":true,"href":"https:\/\/www.savoievivregrandir.fr\/index.php\/wp-json\/wp\/v2\/media\/93"}],"wp:attachment":[{"href":"https:\/\/www.savoievivregrandir.fr\/index.php\/wp-json\/wp\/v2\/media?parent=8"}],"curies":[{"name":"wp","href":"https:\/\/api.w.org\/{rel}","templated":true}]}}